{"id":785,"date":"2024-11-20T09:42:33","date_gmt":"2024-11-20T08:42:33","guid":{"rendered":"https:\/\/studiogrippers.com\/?page_id=785"},"modified":"2024-11-21T12:18:22","modified_gmt":"2024-11-21T11:18:22","slug":"inicio","status":"publish","type":"page","link":"https:\/\/studiogrippers.com\/en\/","title":{"rendered":"Start"},"content":{"rendered":"<div data-elementor-type=\"wp-page\" data-elementor-id=\"785\" class=\"elementor elementor-785\" data-elementor-post-type=\"page\">\n\t\t\t\t<div class=\"elementor-element elementor-element-265ad18 e-flex e-con-boxed e-con e-parent\" data-id=\"265ad18\" data-element_type=\"container\">\n\t\t\t\t\t<div class=\"e-con-inner\">\n\t\t<div class=\"elementor-element elementor-element-6175339 e-con-full e-flex e-con e-child\" data-id=\"6175339\" data-element_type=\"container\">\n\t\t\t\t<div class=\"elementor-element elementor-element-9c43b04 elementor-flip-box--effect-fade elementor-widget elementor-widget-flip-box\" data-id=\"9c43b04\" data-element_type=\"widget\" data-widget_type=\"flip-box.default\">\n\t\t\t\t<div class=\"elementor-widget-container\">\n\t\t\t<link rel=\"stylesheet\" href=\"https:\/\/studiogrippers.com\/wp-content\/plugins\/elementor-pro\/assets\/css\/widget-flip-box.min.css\">\t\t<div class=\"elementor-flip-box\" tabindex=\"0\">\n\t\t\t<div class=\"elementor-flip-box__layer elementor-flip-box__front\">\n\t\t\t\t<div class=\"elementor-flip-box__layer__overlay\">\n\t\t\t\t\t<div class=\"elementor-flip-box__layer__inner\">\n\t\t\t\t\t\t\t\t\t\t\t\t\t<div class=\"elementor-icon-wrapper elementor-view-default\">\n\t\t\t\t\t\t\t\t<div class=\"elementor-icon\">\n\t\t\t\t\t\t\t\t\t\t\t\t\t\t\t\t\t<\/div>\n\t\t\t\t\t\t\t<\/div>\n\t\t\t\t\t\t\n\t\t\t\t\t\t\n\t\t\t\t\t\t\t\t\t\t\t<\/div>\n\t\t\t\t<\/div>\n\t\t\t<\/div>\n\t\t\t<a class=\"elementor-flip-box__layer elementor-flip-box__back\" href=\"https:\/\/studiogrippers.com\/en\/objetos\/\">\n\t\t\t<div class=\"elementor-flip-box__layer__overlay\">\n\t\t\t\t<div class=\"elementor-flip-box__layer__inner\">\n\t\t\t\t\t\t\t\t\t\t\t<h3 class=\"elementor-flip-box__layer__title\">\n\t\t\t\t\t\t\tObjects\t\t\t\t\t\t<\/h3>\n\t\t\t\t\t\n\t\t\t\t\t\n\t\t\t\t\t\t\t\t<\/div>\n\t\t<\/div>\n\t\t<\/a>\n\t\t<\/div>\n\t\t\t\t<\/div>\n\t\t\t\t<\/div>\n\t\t\t\t<\/div>\n\t\t<div class=\"elementor-element elementor-element-fe5e117 e-con-full e-flex e-con e-child\" data-id=\"fe5e117\" data-element_type=\"container\">\n\t\t\t\t<div class=\"elementor-element elementor-element-d166585 elementor-flip-box--effect-fade elementor-widget elementor-widget-flip-box\" data-id=\"d166585\" data-element_type=\"widget\" data-widget_type=\"flip-box.default\">\n\t\t\t\t<div class=\"elementor-widget-container\">\n\t\t\t\t\t<div class=\"elementor-flip-box\" tabindex=\"0\">\n\t\t\t<div class=\"elementor-flip-box__layer elementor-flip-box__front\">\n\t\t\t\t<div class=\"elementor-flip-box__layer__overlay\">\n\t\t\t\t\t<div class=\"elementor-flip-box__layer__inner\">\n\t\t\t\t\t\t\t\t\t\t\t\t\t<div class=\"elementor-icon-wrapper elementor-view-default\">\n\t\t\t\t\t\t\t\t<div class=\"elementor-icon\">\n\t\t\t\t\t\t\t\t\t\t\t\t\t\t\t\t\t<\/div>\n\t\t\t\t\t\t\t<\/div>\n\t\t\t\t\t\t\n\t\t\t\t\t\t\n\t\t\t\t\t\t\t\t\t\t\t<\/div>\n\t\t\t\t<\/div>\n\t\t\t<\/div>\n\t\t\t<a class=\"elementor-flip-box__layer elementor-flip-box__back\" href=\"https:\/\/studiogrippers.com\/en\/proyectos\/\">\n\t\t\t<div class=\"elementor-flip-box__layer__overlay\">\n\t\t\t\t<div class=\"elementor-flip-box__layer__inner\">\n\t\t\t\t\t\t\t\t\t\t\t<h3 class=\"elementor-flip-box__layer__title\">\n\t\t\t\t\t\t\tProjects\t\t\t\t\t\t<\/h3>\n\t\t\t\t\t\n\t\t\t\t\t\n\t\t\t\t\t\t\t\t<\/div>\n\t\t<\/div>\n\t\t<\/a>\n\t\t<\/div>\n\t\t\t\t<\/div>\n\t\t\t\t<\/div>\n\t\t\t\t<div class=\"elementor-element elementor-element-3c632e0 elementor-widget elementor-widget-heading\" data-id=\"3c632e0\" data-element_type=\"widget\" data-widget_type=\"heading.default\">\n\t\t\t\t<div class=\"elementor-widget-container\">\n\t\t\t<style>\/*! elementor - v3.21.0 - 26-05-2024 *\/\n.elementor-heading-title{padding:0;margin:0;line-height:1}.elementor-widget-heading .elementor-heading-title[class*=elementor-size-]>a{color:inherit;font-size:inherit;line-height:inherit}.elementor-widget-heading .elementor-heading-title.elementor-size-small{font-size:15px}.elementor-widget-heading .elementor-heading-title.elementor-size-medium{font-size:19px}.elementor-widget-heading .elementor-heading-title.elementor-size-large{font-size:29px}.elementor-widget-heading .elementor-heading-title.elementor-size-xl{font-size:39px}.elementor-widget-heading .elementor-heading-title.elementor-size-xxl{font-size:59px}<\/style><h1 class=\"elementor-heading-title elementor-size-default\">Industrial and furniture design based in Barcelona<\/h1>\t\t<\/div>\n\t\t\t\t<\/div>\n\t\t\t\t<div class=\"elementor-element elementor-element-7a3f919 elementor-widget elementor-widget-text-editor\" data-id=\"7a3f919\" data-element_type=\"widget\" data-widget_type=\"text-editor.default\">\n\t\t\t\t<div class=\"elementor-widget-container\">\n\t\t\t<style>\/*! elementor - v3.21.0 - 26-05-2024 *\/\n.elementor-widget-text-editor.elementor-drop-cap-view-stacked .elementor-drop-cap{background-color:#69727d;color:#fff}.elementor-widget-text-editor.elementor-drop-cap-view-framed .elementor-drop-cap{color:#69727d;border:3px solid;background-color:transparent}.elementor-widget-text-editor:not(.elementor-drop-cap-view-default) .elementor-drop-cap{margin-top:8px}.elementor-widget-text-editor:not(.elementor-drop-cap-view-default) .elementor-drop-cap-letter{width:1em;height:1em}.elementor-widget-text-editor .elementor-drop-cap{float:left;text-align:center;line-height:1;font-size:50px}.elementor-widget-text-editor .elementor-drop-cap-letter{display:inline-block}<\/style>\t\t\t\t<p>From elegant furniture to cutting-edge industrial products, our passion is creating unique experiences that inspire and transform.<\/p><p>Experience our creative world where each piece tells a unique story.\u00a0<\/p><p>Our portfolio reflects our dedication to quality and originality, with products that captivate the senses and enhance everyday life.<\/p>\t\t\t\t\t\t<\/div>\n\t\t\t\t<\/div>\n\t\t\t\t<\/div>\n\t\t\t\t\t<\/div>\n\t\t\t\t<\/div>\n\t\t\t\t<\/div>","protected":false},"excerpt":{"rendered":"<p>Objects Projects Industrial and furniture design based in Barcelona. From elegant furniture to cutting-edge industrial products, our passion is creating unique experiences that inspire and transform. Experience our creative world where each piece tells a unique story. Our portfolio reflects our dedication to quality and originality, with products that captivate the senses\u2026&nbsp;<a href=\"https:\/\/studiogrippers.com\/en\/\" class=\"\" rel=\"bookmark\">Read More \u00bb<span class=\"screen-reader-text\">Start<\/span><\/a><\/p>","protected":false},"author":2,"featured_media":0,"parent":0,"menu_order":0,"comment_status":"closed","ping_status":"closed","template":"page-templates\/template-pagebuilder-full-width.php","meta":{"neve_meta_sidebar":"","neve_meta_container":"","neve_meta_enable_content_width":"off","neve_meta_content_width":100,"neve_meta_title_alignment":"","neve_meta_author_avatar":"","neve_post_elements_order":"","neve_meta_disable_header":"","neve_meta_disable_footer":"","neve_meta_disable_title":"","footnotes":""},"class_list":["post-785","page","type-page","status-publish","hentry"],"yoast_head":"<!-- This site is optimized with the Yoast SEO plugin v22.8 - https:\/\/yoast.com\/wordpress\/plugins\/seo\/ -->\n<title>Inicio - Studio Grippers | Studio &amp; Taller<\/title>\n<meta name=\"robots\" content=\"index, follow, max-snippet:-1, max-image-preview:large, max-video-preview:-1\" \/>\n<link rel=\"canonical\" href=\"https:\/\/studiogrippers.com\/en\/\" \/>\n<meta property=\"og:locale\" content=\"en_GB\" \/>\n<meta property=\"og:type\" content=\"article\" \/>\n<meta property=\"og:title\" content=\"Inicio - Studio Grippers | Studio &amp; Taller\" \/>\n<meta property=\"og:description\" content=\"Objetos Proyectos Dise\u00f1o industrial y de mobiliario con sede en Barcelona Desde elegantes muebles hasta productos industriales vanguardistas, nuestra pasi\u00f3n es crear experiencias \u00fanicas que inspiran y transforman. Vive nuestro mundo creativo donde cada pieza cuenta una historia \u00fanica.\u00a0 Nuestro portafolio refleja nuestra dedicaci\u00f3n a la calidad y originalidad, con productos que cautivan los sentidos&hellip;&nbsp;Read More &raquo;Inicio\" \/>\n<meta property=\"og:url\" content=\"https:\/\/studiogrippers.com\/en\/\" \/>\n<meta property=\"og:site_name\" content=\"Studio Grippers | Studio &amp; Taller\" \/>\n<meta property=\"article:modified_time\" content=\"2024-11-21T11:18:22+00:00\" \/>\n<meta name=\"twitter:card\" content=\"summary_large_image\" \/>\n<meta name=\"twitter:label1\" content=\"Estimated reading time\" \/>\n\t<meta name=\"twitter:data1\" content=\"1 minute\" \/>\n<script type=\"application\/ld+json\" class=\"yoast-schema-graph\">{\"@context\":\"https:\/\/schema.org\",\"@graph\":[{\"@type\":\"WebPage\",\"@id\":\"https:\/\/studiogrippers.com\/\",\"url\":\"https:\/\/studiogrippers.com\/\",\"name\":\"Inicio - Studio Grippers | Studio &amp; Taller\",\"isPartOf\":{\"@id\":\"https:\/\/studiogrippers.com\/#website\"},\"datePublished\":\"2024-11-20T08:42:33+00:00\",\"dateModified\":\"2024-11-21T11:18:22+00:00\",\"breadcrumb\":{\"@id\":\"https:\/\/studiogrippers.com\/#breadcrumb\"},\"inLanguage\":\"en-GB\",\"potentialAction\":[{\"@type\":\"ReadAction\",\"target\":[\"https:\/\/studiogrippers.com\/\"]}]},{\"@type\":\"BreadcrumbList\",\"@id\":\"https:\/\/studiogrippers.com\/#breadcrumb\",\"itemListElement\":[{\"@type\":\"ListItem\",\"position\":1,\"name\":\"Portada\",\"item\":\"https:\/\/studiogrippers.com\/\"},{\"@type\":\"ListItem\",\"position\":2,\"name\":\"Inicio\"}]},{\"@type\":\"WebSite\",\"@id\":\"https:\/\/studiogrippers.com\/#website\",\"url\":\"https:\/\/studiogrippers.com\/\",\"name\":\"Studio Grippers | Studio & Taller\",\"description\":\"Industrial &amp; furniture design based in Barcelona\",\"potentialAction\":[{\"@type\":\"SearchAction\",\"target\":{\"@type\":\"EntryPoint\",\"urlTemplate\":\"https:\/\/studiogrippers.com\/?s={search_term_string}\"},\"query-input\":\"required name=search_term_string\"}],\"inLanguage\":\"en-GB\"}]}<\/script>\n<!-- \/ Yoast SEO plugin. -->","yoast_head_json":{"title":"Inicio - Studio Grippers | Studio &amp; Taller","robots":{"index":"index","follow":"follow","max-snippet":"max-snippet:-1","max-image-preview":"max-image-preview:large","max-video-preview":"max-video-preview:-1"},"canonical":"https:\/\/studiogrippers.com\/en\/","og_locale":"en_GB","og_type":"article","og_title":"Inicio - Studio Grippers | Studio &amp; Taller","og_description":"Objetos Proyectos Dise\u00f1o industrial y de mobiliario con sede en Barcelona Desde elegantes muebles hasta productos industriales vanguardistas, nuestra pasi\u00f3n es crear experiencias \u00fanicas que inspiran y transforman. Vive nuestro mundo creativo donde cada pieza cuenta una historia \u00fanica.\u00a0 Nuestro portafolio refleja nuestra dedicaci\u00f3n a la calidad y originalidad, con productos que cautivan los sentidos&hellip;&nbsp;Read More &raquo;Inicio","og_url":"https:\/\/studiogrippers.com\/en\/","og_site_name":"Studio Grippers | Studio &amp; Taller","article_modified_time":"2024-11-21T11:18:22+00:00","twitter_card":"summary_large_image","twitter_misc":{"Estimated reading time":"1 minute"},"schema":{"@context":"https:\/\/schema.org","@graph":[{"@type":"WebPage","@id":"https:\/\/studiogrippers.com\/","url":"https:\/\/studiogrippers.com\/","name":"Inicio - Studio Grippers | Studio &amp; Taller","isPartOf":{"@id":"https:\/\/studiogrippers.com\/#website"},"datePublished":"2024-11-20T08:42:33+00:00","dateModified":"2024-11-21T11:18:22+00:00","breadcrumb":{"@id":"https:\/\/studiogrippers.com\/#breadcrumb"},"inLanguage":"en-GB","potentialAction":[{"@type":"ReadAction","target":["https:\/\/studiogrippers.com\/"]}]},{"@type":"BreadcrumbList","@id":"https:\/\/studiogrippers.com\/#breadcrumb","itemListElement":[{"@type":"ListItem","position":1,"name":"Portada","item":"https:\/\/studiogrippers.com\/"},{"@type":"ListItem","position":2,"name":"Inicio"}]},{"@type":"WebSite","@id":"https:\/\/studiogrippers.com\/#website","url":"https:\/\/studiogrippers.com\/","name":"Studio Grippers | Studio & Taller","description":"Industrial &amp; furniture design based in Barcelona","potentialAction":[{"@type":"SearchAction","target":{"@type":"EntryPoint","urlTemplate":"https:\/\/studiogrippers.com\/?s={search_term_string}"},"query-input":"required name=search_term_string"}],"inLanguage":"en-GB"}]}},"_links":{"self":[{"href":"https:\/\/studiogrippers.com\/en\/wp-json\/wp\/v2\/pages\/785","targetHints":{"allow":["GET"]}}],"collection":[{"href":"https:\/\/studiogrippers.com\/en\/wp-json\/wp\/v2\/pages"}],"about":[{"href":"https:\/\/studiogrippers.com\/en\/wp-json\/wp\/v2\/types\/page"}],"author":[{"embeddable":true,"href":"https:\/\/studiogrippers.com\/en\/wp-json\/wp\/v2\/users\/2"}],"replies":[{"embeddable":true,"href":"https:\/\/studiogrippers.com\/en\/wp-json\/wp\/v2\/comments?post=785"}],"version-history":[{"count":53,"href":"https:\/\/studiogrippers.com\/en\/wp-json\/wp\/v2\/pages\/785\/revisions"}],"predecessor-version":[{"id":982,"href":"https:\/\/studiogrippers.com\/en\/wp-json\/wp\/v2\/pages\/785\/revisions\/982"}],"wp:attachment":[{"href":"https:\/\/studiogrippers.com\/en\/wp-json\/wp\/v2\/media?parent=785"}],"curies":[{"name":"wp","href":"https:\/\/api.w.org\/{rel}","templated":true}]}}