{"id":584,"date":"2024-05-20T13:37:38","date_gmt":"2024-05-20T11:37:38","guid":{"rendered":"https:\/\/studiogrippers.com\/?page_id=584"},"modified":"2024-05-20T13:40:25","modified_gmt":"2024-05-20T11:40:25","slug":"aviso-legal","status":"publish","type":"page","link":"https:\/\/studiogrippers.com\/en\/aviso-legal\/","title":{"rendered":"Legal notice"},"content":{"rendered":"<div data-elementor-type=\"wp-page\" data-elementor-id=\"584\" class=\"elementor elementor-584\" data-elementor-post-type=\"page\">\n\t\t\t\t\t\t<section class=\"elementor-section elementor-top-section elementor-element elementor-element-6c20925d elementor-section-full_width elementor-section-height-default elementor-section-height-default\" data-id=\"6c20925d\" data-element_type=\"section\" data-settings=\"{&quot;background_background&quot;:&quot;classic&quot;}\">\n\t\t\t\t\t\t<div class=\"elementor-container elementor-column-gap-default\">\n\t\t\t\t\t<div class=\"elementor-column elementor-col-100 elementor-top-column elementor-element elementor-element-9ecd91\" data-id=\"9ecd91\" data-element_type=\"column\" data-settings=\"{&quot;background_background&quot;:&quot;classic&quot;}\">\n\t\t\t<div class=\"elementor-widget-wrap elementor-element-populated\">\n\t\t\t\t\t\t<section class=\"elementor-section elementor-inner-section elementor-element elementor-element-691c0de7 elementor-section-boxed elementor-section-height-default elementor-section-height-default\" data-id=\"691c0de7\" data-element_type=\"section\">\n\t\t\t\t\t\t<div class=\"elementor-container elementor-column-gap-default\">\n\t\t\t\t\t<div class=\"elementor-column elementor-col-50 elementor-inner-column elementor-element elementor-element-65928d4f\" data-id=\"65928d4f\" data-element_type=\"column\">\n\t\t\t<div class=\"elementor-widget-wrap elementor-element-populated\">\n\t\t\t\t\t\t<div class=\"elementor-element elementor-element-4fb607ff elementor-hidden-desktop elementor-hidden-tablet elementor-widget elementor-widget-spacer\" data-id=\"4fb607ff\" data-element_type=\"widget\" data-widget_type=\"spacer.default\">\n\t\t\t\t<div class=\"elementor-widget-container\">\n\t\t\t<style>\/*! elementor - v3.21.0 - 26-05-2024 *\/\n.elementor-column .elementor-spacer-inner{height:var(--spacer-size)}.e-con{--container-widget-width:100%}.e-con-inner>.elementor-widget-spacer,.e-con>.elementor-widget-spacer{width:var(--container-widget-width,var(--spacer-size));--align-self:var(--container-widget-align-self,initial);--flex-shrink:0}.e-con-inner>.elementor-widget-spacer>.elementor-widget-container,.e-con>.elementor-widget-spacer>.elementor-widget-container{height:100%;width:100%}.e-con-inner>.elementor-widget-spacer>.elementor-widget-container>.elementor-spacer,.e-con>.elementor-widget-spacer>.elementor-widget-container>.elementor-spacer{height:100%}.e-con-inner>.elementor-widget-spacer>.elementor-widget-container>.elementor-spacer>.elementor-spacer-inner,.e-con>.elementor-widget-spacer>.elementor-widget-container>.elementor-spacer>.elementor-spacer-inner{height:var(--container-widget-height,var(--spacer-size))}.e-con-inner>.elementor-widget-spacer.elementor-widget-empty,.e-con>.elementor-widget-spacer.elementor-widget-empty{position:relative;min-height:22px;min-width:22px}.e-con-inner>.elementor-widget-spacer.elementor-widget-empty .elementor-widget-empty-icon,.e-con>.elementor-widget-spacer.elementor-widget-empty .elementor-widget-empty-icon{position:absolute;top:0;bottom:0;left:0;right:0;margin:auto;padding:0;width:22px;height:22px}<\/style>\t\t<div class=\"elementor-spacer\">\n\t\t\t<div class=\"elementor-spacer-inner\"><\/div>\n\t\t<\/div>\n\t\t\t\t<\/div>\n\t\t\t\t<\/div>\n\t\t\t\t\t<\/div>\n\t\t<\/div>\n\t\t\t\t<div class=\"elementor-column elementor-col-50 elementor-inner-column elementor-element elementor-element-7504db61\" data-id=\"7504db61\" data-element_type=\"column\">\n\t\t\t<div class=\"elementor-widget-wrap\">\n\t\t\t\t\t\t\t<\/div>\n\t\t<\/div>\n\t\t\t\t\t<\/div>\n\t\t<\/section>\n\t\t\t\t\t<\/div>\n\t\t<\/div>\n\t\t\t\t\t<\/div>\n\t\t<\/section>\n\t\t\t\t<section class=\"elementor-section elementor-top-section elementor-element elementor-element-598d9de6 elementor-section-boxed elementor-section-height-default elementor-section-height-default\" data-id=\"598d9de6\" data-element_type=\"section\">\n\t\t\t\t\t\t<div class=\"elementor-container elementor-column-gap-default\">\n\t\t\t\t\t<div class=\"elementor-column elementor-col-100 elementor-top-column elementor-element elementor-element-3786db8d\" data-id=\"3786db8d\" data-element_type=\"column\">\n\t\t\t<div class=\"elementor-widget-wrap elementor-element-populated\">\n\t\t\t\t\t\t<div class=\"elementor-element elementor-element-322a564 elementor-widget elementor-widget-text-editor\" data-id=\"322a564\" data-element_type=\"widget\" data-widget_type=\"text-editor.default\">\n\t\t\t\t<div class=\"elementor-widget-container\">\n\t\t\t<style>\/*! elementor - v3.21.0 - 26-05-2024 *\/\n.elementor-widget-text-editor.elementor-drop-cap-view-stacked .elementor-drop-cap{background-color:#69727d;color:#fff}.elementor-widget-text-editor.elementor-drop-cap-view-framed .elementor-drop-cap{color:#69727d;border:3px solid;background-color:transparent}.elementor-widget-text-editor:not(.elementor-drop-cap-view-default) .elementor-drop-cap{margin-top:8px}.elementor-widget-text-editor:not(.elementor-drop-cap-view-default) .elementor-drop-cap-letter{width:1em;height:1em}.elementor-widget-text-editor .elementor-drop-cap{float:left;text-align:center;line-height:1;font-size:50px}.elementor-widget-text-editor .elementor-drop-cap-letter{display:inline-block}<\/style>\t\t\t\t<p>In accordance with Law 34\/2002 on Information Society Services and Electronic Commerce, we inform you that this website is owned by Luis Felipe Diaz S\u00e1nchez, (hereinafter &quot;THE OWNER&quot;), with CIF: 25368155Y, with registered address at C\/Roc Boronat, 55 Local 08005, Barcelona; telephone 662 404 824.<\/p><p>\u00a0<\/p><p class=\"titol text-bold text-uppercase\"><strong>INTELLECTUAL AND INDUSTRIAL PROPERTY<\/strong><\/p><p>The contents of this site, including texts, images and graphic designs, belong to THE OWNER, or to third parties who have authorized their use. THE OWNER presents these contents for information and promotion purposes. THE OWNER authorizes their use exclusively for these purposes. Any use of these designs, images or texts must expressly cite their ownership by THE OWNER, who reserves the right to initiate appropriate legal action to repair any damages caused by any act that violates its intellectual or industrial property rights.<\/p><p>\u00a0<\/p><p class=\"titol text-bold text-uppercase\"><strong>DISCLAIMER<\/strong><\/p><p>THE OWNER acts with the utmost diligence to ensure that the data and information provided on its website is up-to-date at all times, although it does not guarantee or accept responsibility for the accuracy and updating of the website&#039;s content, reserving the right to modify said content at any time. THE OWNER shall also not be liable for the information that may be obtained through links included on the website.<\/p><p>Commercial relations with clients will be governed by the General Conditions that, where applicable, are established by THE OWNER in a specific document for this purpose, or by specific agreements that may be agreed with clients.<\/p><p>\u00a0<\/p><p class=\"titol text-bold text-uppercase\"><strong>TERMS OF USE<\/strong><\/p><p>The use of this website implies full acceptance of the terms of this legal notice. Any potential conflicts relating to this website shall be governed exclusively by the law of the Spanish State. Any user of the website, regardless of the territorial jurisdiction from which access is made, accepts compliance with and respect for these clauses, expressly waiving any other jurisdiction that may apply to them.<\/p>\t\t\t\t\t\t<\/div>\n\t\t\t\t<\/div>\n\t\t\t\t\t<\/div>\n\t\t<\/div>\n\t\t\t\t\t<\/div>\n\t\t<\/section>\n\t\t\t\t<\/div>","protected":false},"excerpt":{"rendered":"<p>De conformidad con la Ley 34\/2002, de Servicios de la Sociedad de la Informaci\u00f3n y de Comercio Electr\u00f3nico, le informamos que esta web es titularidad de Luis Felipe Diaz S\u00e1nchez, (en adelante \u201cEL TITULAR\u201d), con CIF: 25368155Y, con domicilio en C\/Roc Boronat, 55 Local 08005, Barcelona; tel\u00e9fono 662 404 824. \u00a0 PROPIEDAD INTELECTUAL E INDUSTRIAL&hellip;&nbsp;<a href=\"https:\/\/studiogrippers.com\/en\/aviso-legal\/\" class=\"\" rel=\"bookmark\">Read More \u00bb<span class=\"screen-reader-text\">Legal notice<\/span><\/a><\/p>","protected":false},"author":1,"featured_media":0,"parent":0,"menu_order":0,"comment_status":"closed","ping_status":"closed","template":"page-templates\/template-pagebuilder-full-width.php","meta":{"neve_meta_sidebar":"","neve_meta_container":"","neve_meta_enable_content_width":"off","neve_meta_content_width":100,"neve_meta_title_alignment":"","neve_meta_author_avatar":"","neve_post_elements_order":"","neve_meta_disable_header":"","neve_meta_disable_footer":"","neve_meta_disable_title":"","footnotes":""},"class_list":["post-584","page","type-page","status-publish","hentry"],"yoast_head":"<!-- This site is optimized with the Yoast SEO plugin v22.8 - https:\/\/yoast.com\/wordpress\/plugins\/seo\/ -->\n<title>Aviso legal - Studio Grippers | Studio &amp; Taller<\/title>\n<meta name=\"robots\" content=\"index, follow, max-snippet:-1, max-image-preview:large, max-video-preview:-1\" \/>\n<link rel=\"canonical\" href=\"https:\/\/studiogrippers.com\/en\/aviso-legal\/\" \/>\n<meta property=\"og:locale\" content=\"en_GB\" \/>\n<meta property=\"og:type\" content=\"article\" \/>\n<meta property=\"og:title\" content=\"Aviso legal - Studio Grippers | Studio &amp; Taller\" \/>\n<meta property=\"og:description\" content=\"De conformidad con la Ley 34\/2002, de Servicios de la Sociedad de la Informaci\u00f3n y de Comercio Electr\u00f3nico, le informamos que esta web es titularidad de Luis Felipe Diaz S\u00e1nchez, (en adelante \u201cEL TITULAR\u201d), con CIF: 25368155Y, con domicilio en C\/Roc Boronat, 55 Local 08005, Barcelona; tel\u00e9fono 662 404 824. \u00a0 PROPIEDAD INTELECTUAL E INDUSTRIAL&hellip;&nbsp;Read More &raquo;Aviso legal\" \/>\n<meta property=\"og:url\" content=\"https:\/\/studiogrippers.com\/en\/aviso-legal\/\" \/>\n<meta property=\"og:site_name\" content=\"Studio Grippers | Studio &amp; Taller\" \/>\n<meta property=\"article:modified_time\" content=\"2024-05-20T11:40:25+00:00\" \/>\n<meta name=\"twitter:card\" content=\"summary_large_image\" \/>\n<meta name=\"twitter:label1\" content=\"Estimated reading time\" \/>\n\t<meta name=\"twitter:data1\" content=\"2 minutes\" \/>\n<script type=\"application\/ld+json\" class=\"yoast-schema-graph\">{\"@context\":\"https:\/\/schema.org\",\"@graph\":[{\"@type\":\"WebPage\",\"@id\":\"https:\/\/studiogrippers.com\/aviso-legal\/\",\"url\":\"https:\/\/studiogrippers.com\/aviso-legal\/\",\"name\":\"Aviso legal - Studio Grippers | Studio &amp; Taller\",\"isPartOf\":{\"@id\":\"https:\/\/studiogrippers.com\/#website\"},\"datePublished\":\"2024-05-20T11:37:38+00:00\",\"dateModified\":\"2024-05-20T11:40:25+00:00\",\"breadcrumb\":{\"@id\":\"https:\/\/studiogrippers.com\/aviso-legal\/#breadcrumb\"},\"inLanguage\":\"en-GB\",\"potentialAction\":[{\"@type\":\"ReadAction\",\"target\":[\"https:\/\/studiogrippers.com\/aviso-legal\/\"]}]},{\"@type\":\"BreadcrumbList\",\"@id\":\"https:\/\/studiogrippers.com\/aviso-legal\/#breadcrumb\",\"itemListElement\":[{\"@type\":\"ListItem\",\"position\":1,\"name\":\"Portada\",\"item\":\"https:\/\/studiogrippers.com\/\"},{\"@type\":\"ListItem\",\"position\":2,\"name\":\"Aviso legal\"}]},{\"@type\":\"WebSite\",\"@id\":\"https:\/\/studiogrippers.com\/#website\",\"url\":\"https:\/\/studiogrippers.com\/\",\"name\":\"Studio Grippers | Studio & Taller\",\"description\":\"Industrial &amp; furniture design based in Barcelona\",\"potentialAction\":[{\"@type\":\"SearchAction\",\"target\":{\"@type\":\"EntryPoint\",\"urlTemplate\":\"https:\/\/studiogrippers.com\/?s={search_term_string}\"},\"query-input\":\"required name=search_term_string\"}],\"inLanguage\":\"en-GB\"}]}<\/script>\n<!-- \/ Yoast SEO plugin. -->","yoast_head_json":{"title":"Aviso legal - Studio Grippers | Studio &amp; Taller","robots":{"index":"index","follow":"follow","max-snippet":"max-snippet:-1","max-image-preview":"max-image-preview:large","max-video-preview":"max-video-preview:-1"},"canonical":"https:\/\/studiogrippers.com\/en\/aviso-legal\/","og_locale":"en_GB","og_type":"article","og_title":"Aviso legal - Studio Grippers | Studio &amp; Taller","og_description":"De conformidad con la Ley 34\/2002, de Servicios de la Sociedad de la Informaci\u00f3n y de Comercio Electr\u00f3nico, le informamos que esta web es titularidad de Luis Felipe Diaz S\u00e1nchez, (en adelante \u201cEL TITULAR\u201d), con CIF: 25368155Y, con domicilio en C\/Roc Boronat, 55 Local 08005, Barcelona; tel\u00e9fono 662 404 824. \u00a0 PROPIEDAD INTELECTUAL E INDUSTRIAL&hellip;&nbsp;Read More &raquo;Aviso legal","og_url":"https:\/\/studiogrippers.com\/en\/aviso-legal\/","og_site_name":"Studio Grippers | Studio &amp; Taller","article_modified_time":"2024-05-20T11:40:25+00:00","twitter_card":"summary_large_image","twitter_misc":{"Estimated reading time":"2 minutes"},"schema":{"@context":"https:\/\/schema.org","@graph":[{"@type":"WebPage","@id":"https:\/\/studiogrippers.com\/aviso-legal\/","url":"https:\/\/studiogrippers.com\/aviso-legal\/","name":"Aviso legal - Studio Grippers | Studio &amp; Taller","isPartOf":{"@id":"https:\/\/studiogrippers.com\/#website"},"datePublished":"2024-05-20T11:37:38+00:00","dateModified":"2024-05-20T11:40:25+00:00","breadcrumb":{"@id":"https:\/\/studiogrippers.com\/aviso-legal\/#breadcrumb"},"inLanguage":"en-GB","potentialAction":[{"@type":"ReadAction","target":["https:\/\/studiogrippers.com\/aviso-legal\/"]}]},{"@type":"BreadcrumbList","@id":"https:\/\/studiogrippers.com\/aviso-legal\/#breadcrumb","itemListElement":[{"@type":"ListItem","position":1,"name":"Portada","item":"https:\/\/studiogrippers.com\/"},{"@type":"ListItem","position":2,"name":"Aviso legal"}]},{"@type":"WebSite","@id":"https:\/\/studiogrippers.com\/#website","url":"https:\/\/studiogrippers.com\/","name":"Studio Grippers | Studio & Taller","description":"Industrial &amp; furniture design based in Barcelona","potentialAction":[{"@type":"SearchAction","target":{"@type":"EntryPoint","urlTemplate":"https:\/\/studiogrippers.com\/?s={search_term_string}"},"query-input":"required name=search_term_string"}],"inLanguage":"en-GB"}]}},"_links":{"self":[{"href":"https:\/\/studiogrippers.com\/en\/wp-json\/wp\/v2\/pages\/584","targetHints":{"allow":["GET"]}}],"collection":[{"href":"https:\/\/studiogrippers.com\/en\/wp-json\/wp\/v2\/pages"}],"about":[{"href":"https:\/\/studiogrippers.com\/en\/wp-json\/wp\/v2\/types\/page"}],"author":[{"embeddable":true,"href":"https:\/\/studiogrippers.com\/en\/wp-json\/wp\/v2\/users\/1"}],"replies":[{"embeddable":true,"href":"https:\/\/studiogrippers.com\/en\/wp-json\/wp\/v2\/comments?post=584"}],"version-history":[{"count":7,"href":"https:\/\/studiogrippers.com\/en\/wp-json\/wp\/v2\/pages\/584\/revisions"}],"predecessor-version":[{"id":591,"href":"https:\/\/studiogrippers.com\/en\/wp-json\/wp\/v2\/pages\/584\/revisions\/591"}],"wp:attachment":[{"href":"https:\/\/studiogrippers.com\/en\/wp-json\/wp\/v2\/media?parent=584"}],"curies":[{"name":"wp","href":"https:\/\/api.w.org\/{rel}","templated":true}]}}